{"id":1478,"date":"2025-11-15T03:26:47","date_gmt":"2025-11-15T03:26:47","guid":{"rendered":"https:\/\/cmfiberglasstx.com\/residential\/"},"modified":"2025-11-19T21:33:59","modified_gmt":"2025-11-19T21:33:59","slug":"services","status":"publish","type":"page","link":"https:\/\/cmfiberglasstx.com\/es\/services\/","title":{"rendered":"Servicios"},"content":{"rendered":"<div data-elementor-type=\"wp-post\" data-elementor-id=\"1478\" class=\"elementor elementor-1478\" data-elementor-post-type=\"page\">\n\t\t\t\t\t\t<section data-particle_enable=\"false\" data-particle-mobile-disabled=\"false\" class=\"elementor-section elementor-top-section elementor-element elementor-element-189a5810 elementor-section-boxed elementor-section-height-default elementor-section-height-default\" data-id=\"189a5810\" data-element_type=\"section\" data-settings=\"{&quot;background_background&quot;:&quot;classic&quot;}\">\n\t\t\t\t\t\t\t<div class=\"elementor-background-overlay\"><\/div>\n\t\t\t\t\t\t\t<div class=\"elementor-container elementor-column-gap-default\">\n\t\t\t\t\t<div class=\"elementor-column elementor-col-100 elementor-top-column elementor-element elementor-element-5dbb553f\" data-id=\"5dbb553f\" data-element_type=\"column\">\n\t\t\t<div class=\"elementor-widget-wrap elementor-element-populated\">\n\t\t\t\t\t\t<div class=\"elementor-element elementor-element-7a5c45b3 elementor-widget elementor-widget-heading\" data-id=\"7a5c45b3\" data-element_type=\"widget\" data-widget_type=\"heading.default\">\n\t\t\t\t<div class=\"elementor-widget-container\">\n\t\t\t\t\t<h2 class=\"elementor-heading-title elementor-size-default\">Servicios<\/h2>\t\t\t\t<\/div>\n\t\t\t\t<\/div>\n\t\t\t\t\t<\/div>\n\t\t<\/div>\n\t\t\t\t\t<\/div>\n\t\t<\/section>\n\t\t\t\t<section data-particle_enable=\"false\" data-particle-mobile-disabled=\"false\" class=\"elementor-section elementor-top-section elementor-element elementor-element-725da0c elementor-section-boxed elementor-section-height-default elementor-section-height-default\" data-id=\"725da0c\" data-element_type=\"section\">\n\t\t\t\t\t\t<div class=\"elementor-container elementor-column-gap-default\">\n\t\t\t\t\t<div class=\"elementor-column elementor-col-50 elementor-top-column elementor-element elementor-element-60af71e\" data-id=\"60af71e\" data-element_type=\"column\">\n\t\t\t<div class=\"elementor-widget-wrap elementor-element-populated\">\n\t\t\t\t\t\t<div class=\"elementor-element elementor-element-54291c5 elementor-widget elementor-widget-image\" data-id=\"54291c5\" data-element_type=\"widget\" data-widget_type=\"image.default\">\n\t\t\t\t<div class=\"elementor-widget-container\">\n\t\t\t\t\t\t\t\t\t\t\t\t\t\t\t<img fetchpriority=\"high\" decoding=\"async\" width=\"650\" height=\"433\" src=\"https:\/\/cmfiberglasstx.com\/wp-content\/uploads\/2025\/11\/fiberglass-parts.png\" class=\"attachment-large size-large wp-image-2927\" alt=\"fiberglass parts\" srcset=\"https:\/\/cmfiberglasstx.com\/wp-content\/uploads\/2025\/11\/fiberglass-parts.png 650w, https:\/\/cmfiberglasstx.com\/wp-content\/uploads\/2025\/11\/fiberglass-parts-300x200.png 300w\" sizes=\"(max-width: 650px) 100vw, 650px\" title=\"Servicios\">\t\t\t\t\t\t\t\t\t\t\t\t\t\t\t<\/div>\n\t\t\t\t<\/div>\n\t\t\t\t<div class=\"elementor-element elementor-element-79975d3 elementor-widget elementor-widget-icon-box\" data-id=\"79975d3\" data-element_type=\"widget\" data-widget_type=\"icon-box.default\">\n\t\t\t\t<div class=\"elementor-widget-container\">\n\t\t\t\t\t\t\t<div class=\"elementor-icon-box-wrapper\">\n\n\t\t\t\n\t\t\t\t\t\t<div class=\"elementor-icon-box-content\">\n\n\t\t\t\t\t\t\t\t\t<h3 class=\"elementor-icon-box-title\">\n\t\t\t\t\t\t<span  >\n\t\t\t\t\t\t\tEspecialistas en reparaci\u00f3n y fabricaci\u00f3n de piezas de fibra de vidrio para camiones\t\t\t\t\t\t<\/span>\n\t\t\t\t\t<\/h3>\n\t\t\t\t\n\t\t\t\t\t\t\t\t\t<p class=\"elementor-icon-box-description\">\n\t\t\t\t\t\tYa sea que su cami\u00f3n haya sufrido un accidente o que su fibra de vidrio se est\u00e9 agrietando por el desgaste, podemos reacondicionar la fibra de vidrio da\u00f1ada o agrietada y hacer que luzca como nueva.\t\t\t\t\t<\/p>\n\t\t\t\t\n\t\t\t<\/div>\n\t\t\t\n\t\t<\/div>\n\t\t\t\t\t\t<\/div>\n\t\t\t\t<\/div>\n\t\t\t\t\t<\/div>\n\t\t<\/div>\n\t\t\t\t<div class=\"elementor-column elementor-col-50 elementor-top-column elementor-element elementor-element-1928cf4\" data-id=\"1928cf4\" data-element_type=\"column\">\n\t\t\t<div class=\"elementor-widget-wrap elementor-element-populated\">\n\t\t\t\t\t\t<div class=\"elementor-element elementor-element-abeb362 elementor-widget elementor-widget-image\" data-id=\"abeb362\" data-element_type=\"widget\" data-widget_type=\"image.default\">\n\t\t\t\t<div class=\"elementor-widget-container\">\n\t\t\t\t\t\t\t\t\t\t\t\t\t\t\t<img decoding=\"async\" width=\"650\" height=\"433\" src=\"https:\/\/cmfiberglasstx.com\/wp-content\/uploads\/2025\/11\/Bodywork-and-General-Painting.png\" class=\"attachment-large size-large wp-image-2501\" alt=\"bodywork and general painting\" srcset=\"https:\/\/cmfiberglasstx.com\/wp-content\/uploads\/2025\/11\/Bodywork-and-General-Painting.png 650w, https:\/\/cmfiberglasstx.com\/wp-content\/uploads\/2025\/11\/Bodywork-and-General-Painting-300x200.png 300w\" sizes=\"(max-width: 650px) 100vw, 650px\" title=\"Servicios\">\t\t\t\t\t\t\t\t\t\t\t\t\t\t\t<\/div>\n\t\t\t\t<\/div>\n\t\t\t\t<div class=\"elementor-element elementor-element-f23fd90 elementor-widget elementor-widget-icon-box\" data-id=\"f23fd90\" data-element_type=\"widget\" data-widget_type=\"icon-box.default\">\n\t\t\t\t<div class=\"elementor-widget-container\">\n\t\t\t\t\t\t\t<div class=\"elementor-icon-box-wrapper\">\n\n\t\t\t\n\t\t\t\t\t\t<div class=\"elementor-icon-box-content\">\n\n\t\t\t\t\t\t\t\t\t<h3 class=\"elementor-icon-box-title\">\n\t\t\t\t\t\t<span  >\n\t\t\t\t\t\t\tCarrocer\u00eda y pintura general\t\t\t\t\t\t<\/span>\n\t\t\t\t\t<\/h3>\n\t\t\t\t\n\t\t\t\t\t\t\t\t\t<p class=\"elementor-icon-box-description\">\n\t\t\t\t\t\tTanto si quieres renovar el aspecto de tu veh\u00edculo como si necesitas disimular un ara\u00f1azo feo, nuestros t\u00e9cnicos expertos trabajar\u00e1n contigo para determinar el tipo de pintura y servicio que necesita tu veh\u00edculo. \t\t\t\t\t<\/p>\n\t\t\t\t\n\t\t\t<\/div>\n\t\t\t\n\t\t<\/div>\n\t\t\t\t\t\t<\/div>\n\t\t\t\t<\/div>\n\t\t\t\t\t<\/div>\n\t\t<\/div>\n\t\t\t\t\t<\/div>\n\t\t<\/section>\n\t\t\t\t<section data-particle_enable=\"false\" data-particle-mobile-disabled=\"false\" class=\"elementor-section elementor-top-section elementor-element elementor-element-034f135 elementor-section-boxed elementor-section-height-default elementor-section-height-default\" data-id=\"034f135\" data-element_type=\"section\">\n\t\t\t\t\t\t<div class=\"elementor-container elementor-column-gap-default\">\n\t\t\t\t\t<div class=\"elementor-column elementor-col-50 elementor-top-column elementor-element elementor-element-1a6e8da\" data-id=\"1a6e8da\" data-element_type=\"column\">\n\t\t\t<div class=\"elementor-widget-wrap elementor-element-populated\">\n\t\t\t\t\t\t<div class=\"elementor-element elementor-element-e9fd59e elementor-widget elementor-widget-image\" data-id=\"e9fd59e\" data-element_type=\"widget\" data-widget_type=\"image.default\">\n\t\t\t\t<div class=\"elementor-widget-container\">\n\t\t\t\t\t\t\t\t\t\t\t\t\t\t\t<img decoding=\"async\" width=\"650\" height=\"433\" src=\"https:\/\/cmfiberglasstx.com\/wp-content\/uploads\/2025\/11\/truck-adaptations.png\" class=\"attachment-large size-large wp-image-2920\" alt=\"truck adaptations\" srcset=\"https:\/\/cmfiberglasstx.com\/wp-content\/uploads\/2025\/11\/truck-adaptations.png 650w, https:\/\/cmfiberglasstx.com\/wp-content\/uploads\/2025\/11\/truck-adaptations-300x200.png 300w\" sizes=\"(max-width: 650px) 100vw, 650px\" title=\"Servicios\">\t\t\t\t\t\t\t\t\t\t\t\t\t\t\t<\/div>\n\t\t\t\t<\/div>\n\t\t\t\t<div class=\"elementor-element elementor-element-f94e221 elementor-widget elementor-widget-icon-box\" data-id=\"f94e221\" data-element_type=\"widget\" data-widget_type=\"icon-box.default\">\n\t\t\t\t<div class=\"elementor-widget-container\">\n\t\t\t\t\t\t\t<div class=\"elementor-icon-box-wrapper\">\n\n\t\t\t\n\t\t\t\t\t\t<div class=\"elementor-icon-box-content\">\n\n\t\t\t\t\t\t\t\t\t<h3 class=\"elementor-icon-box-title\">\n\t\t\t\t\t\t<span  >\n\t\t\t\t\t\t\tAdaptaciones y modificaciones de camiones\t\t\t\t\t\t<\/span>\n\t\t\t\t\t<\/h3>\n\t\t\t\t\n\t\t\t\t\t\t\t\t\t<p class=\"elementor-icon-box-description\">\n\t\t\t\t\t\tTanto si has comprado recientemente un remolque nuevo y buscas maneras de adaptarlo a tus necesidades espec\u00edficas, como si tienes un remolque antiguo o usado que quieres reacondicionar, nosotros te ayudamos. \t\t\t\t\t<\/p>\n\t\t\t\t\n\t\t\t<\/div>\n\t\t\t\n\t\t<\/div>\n\t\t\t\t\t\t<\/div>\n\t\t\t\t<\/div>\n\t\t\t\t\t<\/div>\n\t\t<\/div>\n\t\t\t\t<div class=\"elementor-column elementor-col-50 elementor-top-column elementor-element elementor-element-9385570\" data-id=\"9385570\" data-element_type=\"column\">\n\t\t\t<div class=\"elementor-widget-wrap elementor-element-populated\">\n\t\t\t\t\t\t<div class=\"elementor-element elementor-element-fbe6d52 elementor-widget elementor-widget-image\" data-id=\"fbe6d52\" data-element_type=\"widget\" data-widget_type=\"image.default\">\n\t\t\t\t<div class=\"elementor-widget-container\">\n\t\t\t\t\t\t\t\t\t\t\t\t\t\t\t<img loading=\"lazy\" decoding=\"async\" width=\"650\" height=\"433\" src=\"https:\/\/cmfiberglasstx.com\/wp-content\/uploads\/2025\/11\/img-2.png\" class=\"attachment-large size-large wp-image-2480\" alt=\"img 2\" srcset=\"https:\/\/cmfiberglasstx.com\/wp-content\/uploads\/2025\/11\/img-2.png 650w, https:\/\/cmfiberglasstx.com\/wp-content\/uploads\/2025\/11\/img-2-300x200.png 300w\" sizes=\"(max-width: 650px) 100vw, 650px\" title=\"Servicios\">\t\t\t\t\t\t\t\t\t\t\t\t\t\t\t<\/div>\n\t\t\t\t<\/div>\n\t\t\t\t<div class=\"elementor-element elementor-element-bfd057a elementor-widget elementor-widget-icon-box\" data-id=\"bfd057a\" data-element_type=\"widget\" data-widget_type=\"icon-box.default\">\n\t\t\t\t<div class=\"elementor-widget-container\">\n\t\t\t\t\t\t\t<div class=\"elementor-icon-box-wrapper\">\n\n\t\t\t\n\t\t\t\t\t\t<div class=\"elementor-icon-box-content\">\n\n\t\t\t\t\t\t\t\t\t<h3 class=\"elementor-icon-box-title\">\n\t\t\t\t\t\t<span  >\n\t\t\t\t\t\t\tServicio de soldadura de carrocer\u00edas de camiones\t\t\t\t\t\t<\/span>\n\t\t\t\t\t<\/h3>\n\t\t\t\t\n\t\t\t\t\t\t\t\t\t<p class=\"elementor-icon-box-description\">\n\t\t\t\t\t\tEn CM Fiberglass somos especialistas en soldadura de camiones. Dominamos las t\u00e9cnicas de soldadura y trabajamos a un ritmo acelerado, con equipos profesionales, para brindar servicios superiores de soldadura de camiones a domicilio a los residentes de Texas. \t\t\t\t\t<\/p>\n\t\t\t\t\n\t\t\t<\/div>\n\t\t\t\n\t\t<\/div>\n\t\t\t\t\t\t<\/div>\n\t\t\t\t<\/div>\n\t\t\t\t\t<\/div>\n\t\t<\/div>\n\t\t\t\t\t<\/div>\n\t\t<\/section>\n\t\t\t\t<section data-particle_enable=\"false\" data-particle-mobile-disabled=\"false\" class=\"elementor-section elementor-top-section elementor-element elementor-element-1e9501e elementor-section-boxed elementor-section-height-default elementor-section-height-default\" data-id=\"1e9501e\" data-element_type=\"section\">\n\t\t\t\t\t\t<div class=\"elementor-container elementor-column-gap-default\">\n\t\t\t\t\t<div class=\"elementor-column elementor-col-50 elementor-top-column elementor-element elementor-element-2dff88c\" data-id=\"2dff88c\" data-element_type=\"column\">\n\t\t\t<div class=\"elementor-widget-wrap elementor-element-populated\">\n\t\t\t\t\t\t<div class=\"elementor-element elementor-element-3103b80 elementor-widget elementor-widget-image\" data-id=\"3103b80\" data-element_type=\"widget\" data-widget_type=\"image.default\">\n\t\t\t\t<div class=\"elementor-widget-container\">\n\t\t\t\t\t\t\t\t\t\t\t\t\t\t\t<img loading=\"lazy\" decoding=\"async\" width=\"650\" height=\"433\" src=\"https:\/\/cmfiberglasstx.com\/wp-content\/uploads\/2025\/11\/cab-and-daycab.png\" class=\"attachment-large size-large wp-image-2924\" alt=\"cab and daycab\" srcset=\"https:\/\/cmfiberglasstx.com\/wp-content\/uploads\/2025\/11\/cab-and-daycab.png 650w, https:\/\/cmfiberglasstx.com\/wp-content\/uploads\/2025\/11\/cab-and-daycab-300x200.png 300w\" sizes=\"(max-width: 650px) 100vw, 650px\" title=\"Servicios\">\t\t\t\t\t\t\t\t\t\t\t\t\t\t\t<\/div>\n\t\t\t\t<\/div>\n\t\t\t\t<div class=\"elementor-element elementor-element-5292009 elementor-widget elementor-widget-icon-box\" data-id=\"5292009\" data-element_type=\"widget\" data-widget_type=\"icon-box.default\">\n\t\t\t\t<div class=\"elementor-widget-container\">\n\t\t\t\t\t\t\t<div class=\"elementor-icon-box-wrapper\">\n\n\t\t\t\n\t\t\t\t\t\t<div class=\"elementor-icon-box-content\">\n\n\t\t\t\t\t\t\t\t\t<h3 class=\"elementor-icon-box-title\">\n\t\t\t\t\t\t<span  >\n\t\t\t\t\t\t\tFabricaci\u00f3n de kits de cabina y cabina diurna\t\t\t\t\t\t<\/span>\n\t\t\t\t\t<\/h3>\n\t\t\t\t\n\t\t\t\t\t\t\t\t\t<p class=\"elementor-icon-box-description\">\n\t\t\t\t\t\tTanto si desea desmontar, ampliar o renovar su cabina diurna o cabina completa, CM Fiberglass cuenta con la experiencia, las herramientas y el toque profesional necesarios para garantizar que el trabajo se realice correctamente.\t\t\t\t\t<\/p>\n\t\t\t\t\n\t\t\t<\/div>\n\t\t\t\n\t\t<\/div>\n\t\t\t\t\t\t<\/div>\n\t\t\t\t<\/div>\n\t\t\t\t\t<\/div>\n\t\t<\/div>\n\t\t\t\t<div class=\"elementor-column elementor-col-50 elementor-top-column elementor-element elementor-element-1c6b0ef\" data-id=\"1c6b0ef\" data-element_type=\"column\">\n\t\t\t<div class=\"elementor-widget-wrap elementor-element-populated\">\n\t\t\t\t\t\t<div class=\"elementor-element elementor-element-f01eb77 elementor-widget elementor-widget-image\" data-id=\"f01eb77\" data-element_type=\"widget\" data-widget_type=\"image.default\">\n\t\t\t\t<div class=\"elementor-widget-container\">\n\t\t\t\t\t\t\t\t\t\t\t\t\t\t\t<img loading=\"lazy\" decoding=\"async\" width=\"650\" height=\"433\" src=\"https:\/\/cmfiberglasstx.com\/wp-content\/uploads\/2025\/11\/chassis-sandblasting.png\" class=\"attachment-large size-large wp-image-2925\" alt=\"chassis sandblasting\" srcset=\"https:\/\/cmfiberglasstx.com\/wp-content\/uploads\/2025\/11\/chassis-sandblasting.png 650w, https:\/\/cmfiberglasstx.com\/wp-content\/uploads\/2025\/11\/chassis-sandblasting-300x200.png 300w\" sizes=\"(max-width: 650px) 100vw, 650px\" title=\"Servicios\">\t\t\t\t\t\t\t\t\t\t\t\t\t\t\t<\/div>\n\t\t\t\t<\/div>\n\t\t\t\t<div class=\"elementor-element elementor-element-2df6218 elementor-widget elementor-widget-icon-box\" data-id=\"2df6218\" data-element_type=\"widget\" data-widget_type=\"icon-box.default\">\n\t\t\t\t<div class=\"elementor-widget-container\">\n\t\t\t\t\t\t\t<div class=\"elementor-icon-box-wrapper\">\n\n\t\t\t\n\t\t\t\t\t\t<div class=\"elementor-icon-box-content\">\n\n\t\t\t\t\t\t\t\t\t<h3 class=\"elementor-icon-box-title\">\n\t\t\t\t\t\t<span  >\n\t\t\t\t\t\t\tChorreado de arena y pintura del chasis\t\t\t\t\t\t<\/span>\n\t\t\t\t\t<\/h3>\n\t\t\t\t\n\t\t\t\t\t\t\t\t\t<p class=\"elementor-icon-box-description\">\n\t\t\t\t\t\tExperimente la diferencia con nuestros excepcionales servicios de arenado en Houston hoy mismo. Conf\u00ede en nosotros para obtener profesionalismo, eficiencia y resultados sobresalientes en todas sus necesidades de arenado y pintura de remolques.\t\t\t\t\t<\/p>\n\t\t\t\t\n\t\t\t<\/div>\n\t\t\t\n\t\t<\/div>\n\t\t\t\t\t\t<\/div>\n\t\t\t\t<\/div>\n\t\t\t\t\t<\/div>\n\t\t<\/div>\n\t\t\t\t\t<\/div>\n\t\t<\/section>\n\t\t\t\t<section data-particle_enable=\"false\" data-particle-mobile-disabled=\"false\" class=\"elementor-section elementor-top-section elementor-element elementor-element-4d8ec7fb elementor-section-boxed elementor-section-height-default elementor-section-height-default\" data-id=\"4d8ec7fb\" data-element_type=\"section\">\n\t\t\t\t\t\t<div class=\"elementor-container elementor-column-gap-default\">\n\t\t\t\t\t<div class=\"elementor-column elementor-col-100 elementor-top-column elementor-element elementor-element-1a3f286b\" data-id=\"1a3f286b\" data-element_type=\"column\">\n\t\t\t<div class=\"elementor-widget-wrap elementor-element-populated\">\n\t\t\t\t\t\t<div class=\"elementor-element elementor-element-35628b8c elementor-widget elementor-widget-eael-cta-box\" data-id=\"35628b8c\" data-element_type=\"widget\" data-widget_type=\"eael-cta-box.default\">\n\t\t\t\t<div class=\"elementor-widget-container\">\n\t\t\t\t\t\t\t\t<div class=\"eael-call-to-action cta-flex bg-lite cta-preset-2\">\n\t    <div class=\"content\">\n            <h2 class=\"title eael-cta-heading\">\u00a1Cont\u00e1ctanos hoy para programar una cita!<\/h2>\t    <\/div>\n\t    <div class=\"action\">\n\t        <a href=\"https:\/\/cmfiberglasstx.com\/es\/contact\/\" class=\"cta-button cta-preset-2 cta-btn-preset-2\"><span class=\"btn-icon\"><i class=\"fas fa-bullhorn\"><\/i><\/span>Cont\u00e1ctanos<\/a>\t    <\/div>\n\t<\/div>\n\t\t\t\t\t\t\t<\/div>\n\t\t\t\t<\/div>\n\t\t\t\t\t<\/div>\n\t\t<\/div>\n\t\t\t\t\t<\/div>\n\t\t<\/section>\n\t\t\t\t<\/div>","protected":false},"excerpt":{"rendered":"<p>Services Fiberglass Truck Parts Specialists in Repairs &amp; Fabrication Whether your truck has been in an accident, or your fiberglass is cracking from wear and tear, we can refurbish damaged or cracked fiberglass and make it look like new again. Bodywork &amp; General Painting Whether you want to refresh the look of your rig or [&hellip;]<\/p>","protected":false},"author":1,"featured_media":0,"parent":0,"menu_order":0,"comment_status":"closed","ping_status":"closed","template":"","meta":{"site-sidebar-layout":"no-sidebar","site-content-layout":"page-builder","ast-site-content-layout":"full-width-container","site-content-style":"unboxed","site-sidebar-style":"unboxed","ast-global-header-display":"","ast-banner-title-visibility":"","ast-main-header-display":"","ast-hfb-above-header-display":"","ast-hfb-below-header-display":"","ast-hfb-mobile-header-display":"","site-post-title":"disabled","ast-breadcrumbs-content":"","ast-featured-img":"disabled","footer-sml-layout":"","theme-transparent-header-meta":"","adv-header-id-meta":"","stick-header-meta":"","header-above-stick-meta":"","header-main-stick-meta":"","header-below-stick-meta":"","astra-migrate-meta-layouts":"set","ast-page-background-enabled":"default","ast-page-background-meta":{"desktop":{"background-color":"","background-image":"","background-repeat":"repeat","background-position":"center center","background-size":"auto","background-attachment":"scroll","background-type":"","background-media":"","overlay-type":"","overlay-color":"","overlay-opacity":"","overlay-gradient":""},"tablet":{"background-color":"","background-image":"","background-repeat":"repeat","background-position":"center center","background-size":"auto","background-attachment":"scroll","background-type":"","background-media":"","overlay-type":"","overlay-color":"","overlay-opacity":"","overlay-gradient":""},"mobile":{"background-color":"","background-image":"","background-repeat":"repeat","background-position":"center center","background-size":"auto","background-attachment":"scroll","background-type":"","background-media":"","overlay-type":"","overlay-color":"","overlay-opacity":"","overlay-gradient":""}},"ast-content-background-meta":{"desktop":{"background-color":"var(--ast-global-color-5)","background-image":"","background-repeat":"repeat","background-position":"center center","background-size":"auto","background-attachment":"scroll","background-type":"","background-media":"","overlay-type":"","overlay-color":"","overlay-opacity":"","overlay-gradient":""},"tablet":{"background-color":"var(--ast-global-color-5)","background-image":"","background-repeat":"repeat","background-position":"center center","background-size":"auto","background-attachment":"scroll","background-type":"","background-media":"","overlay-type":"","overlay-color":"","overlay-opacity":"","overlay-gradient":""},"mobile":{"background-color":"var(--ast-global-color-5)","background-image":"","background-repeat":"repeat","background-position":"center center","background-size":"auto","background-attachment":"scroll","background-type":"","background-media":"","overlay-type":"","overlay-color":"","overlay-opacity":"","overlay-gradient":""}},"_joinchat":[],"footnotes":""},"class_list":["post-1478","page","type-page","status-publish","hentry"],"_links":{"self":[{"href":"https:\/\/cmfiberglasstx.com\/es\/wp-json\/wp\/v2\/pages\/1478","targetHints":{"allow":["GET"]}}],"collection":[{"href":"https:\/\/cmfiberglasstx.com\/es\/wp-json\/wp\/v2\/pages"}],"about":[{"href":"https:\/\/cmfiberglasstx.com\/es\/wp-json\/wp\/v2\/types\/page"}],"author":[{"embeddable":true,"href":"https:\/\/cmfiberglasstx.com\/es\/wp-json\/wp\/v2\/users\/1"}],"replies":[{"embeddable":true,"href":"https:\/\/cmfiberglasstx.com\/es\/wp-json\/wp\/v2\/comments?post=1478"}],"version-history":[{"count":45,"href":"https:\/\/cmfiberglasstx.com\/es\/wp-json\/wp\/v2\/pages\/1478\/revisions"}],"predecessor-version":[{"id":2931,"href":"https:\/\/cmfiberglasstx.com\/es\/wp-json\/wp\/v2\/pages\/1478\/revisions\/2931"}],"wp:attachment":[{"href":"https:\/\/cmfiberglasstx.com\/es\/wp-json\/wp\/v2\/media?parent=1478"}],"curies":[{"name":"wp","href":"https:\/\/api.w.org\/{rel}","templated":true}]}}